{"id":13251,"date":"2024-01-16T14:16:21","date_gmt":"2024-01-16T14:16:21","guid":{"rendered":"https:\/\/hottaadvocacia.com\/carreiras\/"},"modified":"2024-01-16T15:01:50","modified_gmt":"2024-01-16T15:01:50","slug":"carreiras","status":"publish","type":"page","link":"https:\/\/hottaadvocacia.com\/pt-br\/carreiras\/","title":{"rendered":"Carreiras"},"content":{"rendered":"\t\t<div data-elementor-type=\"wp-page\" data-elementor-id=\"13251\" class=\"elementor elementor-13251 elementor-13250\" data-elementor-post-type=\"page\">\n\t\t\t\t\t\t<section class=\"elementor-section elementor-top-section elementor-element elementor-element-28af6cc elementor-section-height-min-height elementor-section-boxed elementor-section-height-default elementor-section-items-middle\" data-id=\"28af6cc\" data-element_type=\"section\" data-e-type=\"section\" data-settings=\"{&quot;shape_divider_bottom&quot;:&quot;mountains&quot;}\">\n\t\t\t\t\t\t\t<div class=\"elementor-background-overlay\"><\/div>\n\t\t\t\t\t\t<div class=\"elementor-shape elementor-shape-bottom\" aria-hidden=\"true\" data-negative=\"false\">\n\t\t\t<svg xmlns=\"http:\/\/www.w3.org\/2000\/svg\" viewBox=\"0 0 1000 100\" preserveAspectRatio=\"none\">\n\t<path class=\"elementor-shape-fill\" opacity=\"0.33\" d=\"M473,67.3c-203.9,88.3-263.1-34-320.3,0C66,119.1,0,59.7,0,59.7V0h1000v59.7 c0,0-62.1,26.1-94.9,29.3c-32.8,3.3-62.8-12.3-75.8-22.1C806,49.6,745.3,8.7,694.9,4.7S492.4,59,473,67.3z\"\/>\n\t<path class=\"elementor-shape-fill\" opacity=\"0.66\" d=\"M734,67.3c-45.5,0-77.2-23.2-129.1-39.1c-28.6-8.7-150.3-10.1-254,39.1 s-91.7-34.4-149.2,0C115.7,118.3,0,39.8,0,39.8V0h1000v36.5c0,0-28.2-18.5-92.1-18.5C810.2,18.1,775.7,67.3,734,67.3z\"\/>\n\t<path class=\"elementor-shape-fill\" d=\"M766.1,28.9c-200-57.5-266,65.5-395.1,19.5C242,1.8,242,5.4,184.8,20.6C128,35.8,132.3,44.9,89.9,52.5C28.6,63.7,0,0,0,0 h1000c0,0-9.9,40.9-83.6,48.1S829.6,47,766.1,28.9z\"\/>\n<\/svg>\t\t<\/div>\n\t\t\t\t\t<div class=\"elementor-container elementor-column-gap-wider\">\n\t\t\t\t\t<div class=\"elementor-column elementor-col-50 elementor-top-column elementor-element elementor-element-e87f147\" data-id=\"e87f147\" data-element_type=\"column\" data-e-type=\"column\" data-settings=\"{&quot;background_background&quot;:&quot;classic&quot;}\">\n\t\t\t<div class=\"elementor-widget-wrap elementor-element-populated\">\n\t\t\t\t\t\t<div class=\"elementor-element elementor-element-3bbe045 elementor-widget elementor-widget-heading\" data-id=\"3bbe045\" data-element_type=\"widget\" data-e-type=\"widget\" data-widget_type=\"heading.default\">\n\t\t\t\t<div class=\"elementor-widget-container\">\n\t\t\t\t\t<h2 class=\"elementor-heading-title elementor-size-default\">CARREIRA<\/h2>\t\t\t\t<\/div>\n\t\t\t\t<\/div>\n\t\t\t\t<div class=\"elementor-element elementor-element-3aba988 elementor-widget elementor-widget-spacer\" data-id=\"3aba988\" data-element_type=\"widget\" data-e-type=\"widget\" data-widget_type=\"spacer.default\">\n\t\t\t\t<div class=\"elementor-widget-container\">\n\t\t\t\t\t\t\t<div class=\"elementor-spacer\">\n\t\t\t<div class=\"elementor-spacer-inner\"><\/div>\n\t\t<\/div>\n\t\t\t\t\t\t<\/div>\n\t\t\t\t<\/div>\n\t\t\t\t<div class=\"elementor-element elementor-element-82eaec0 elementor-widget elementor-widget-text-editor\" data-id=\"82eaec0\" data-element_type=\"widget\" data-e-type=\"widget\" data-widget_type=\"text-editor.default\">\n\t\t\t\t<div class=\"elementor-widget-container\">\n\t\t\t\t\t\t\t\t\t<p>Estamos sempre procurando pessoas que tenham paix\u00e3o por fazer justi\u00e7a e n\u00e3o tenham medo de desafios, independentemente de sua forma\u00e7\u00e3o.<\/p>\n<p><strong>Use o formul\u00e1rio de contato nesta p\u00e1gina para se juntar ao nosso banco de talentos.<\/strong><\/p>\n\t\t\t\t\t\t\t\t<\/div>\n\t\t\t\t<\/div>\n\t\t\t\t\t<\/div>\n\t\t<\/div>\n\t\t\t\t<div class=\"elementor-column elementor-col-50 elementor-top-column elementor-element elementor-element-3edbe75\" data-id=\"3edbe75\" data-element_type=\"column\" data-e-type=\"column\" data-settings=\"{&quot;background_background&quot;:&quot;classic&quot;}\">\n\t\t\t<div class=\"elementor-widget-wrap elementor-element-populated\">\n\t\t\t\t\t\t<div class=\"elementor-element elementor-element-8fdc5c5 elementor-widget elementor-widget-formidable\" data-id=\"8fdc5c5\" data-element_type=\"widget\" data-e-type=\"widget\" data-widget_type=\"formidable.default\">\n\t\t\t\t<div class=\"elementor-widget-container\">\n\t\t\t\t\t<div class=\"frm_forms  with_frm_style frm_style_formidable-style\" id=\"frm_form_2_container\" >\n<form enctype=\"multipart\/form-data\" method=\"post\" class=\"frm-show-form  frm_pro_form \" id=\"form_careers-enquiry\" >\n<div class=\"frm_form_fields \">\n<fieldset>\n<legend class=\"frm_screen_reader\">Contate-nos<\/legend>\r\n\r\n<div class=\"frm_fields_container\">\n<input type=\"hidden\" name=\"frm_action\" value=\"create\" \/>\n<input type=\"hidden\" name=\"form_id\" value=\"2\" \/>\n<input type=\"hidden\" name=\"frm_hide_fields_2\" id=\"frm_hide_fields_2\" value=\"\" \/>\n<input type=\"hidden\" name=\"form_key\" value=\"careers-enquiry\" \/>\n<input type=\"hidden\" name=\"item_meta[0]\" value=\"\" \/>\n<input type=\"hidden\" id=\"frm_submit_entry_2\" name=\"frm_submit_entry_2\" value=\"19021ad62a\" \/><input type=\"hidden\" name=\"_wp_http_referer\" value=\"\/pt-br\/wp-json\/wp\/v2\/pages\/13251\" \/><div id=\"frm_field_6_container\" class=\"frm_form_field form-field  frm_required_field frm_top_container frm_first frm_half\">\r\n    <label for=\"field_qh4icy2\" id=\"field_qh4icy2_label\" class=\"frm_primary_label\">Primeiro nome\r\n        <span class=\"frm_required\" aria-hidden=\"true\">*<\/span>\r\n    <\/label>\r\n    <input  type=\"text\" id=\"field_qh4icy2\" name=\"item_meta[6]\" value=\"\"  data-reqmsg=\"Este campo n\u00e3o pode estar vazio\" aria-required=\"true\" data-invmsg=\"Name is invalid\" aria-invalid=\"false\"   \/>\r\n    \r\n    \r\n<\/div>\n<div id=\"frm_field_7_container\" class=\"frm_form_field form-field  frm_required_field frm_top_container frm_half\">\r\n    <label for=\"field_ocfup12\" id=\"field_ocfup12_label\" class=\"frm_primary_label\">Sobrenome\r\n        <span class=\"frm_required\" aria-hidden=\"true\">*<\/span>\r\n    <\/label>\r\n    <input  type=\"text\" id=\"field_ocfup12\" name=\"item_meta[7]\" value=\"\"  data-reqmsg=\"Este campo n\u00e3o pode estar vazio.\" aria-required=\"true\" data-invmsg=\"Last is invalid\" aria-invalid=\"false\"   \/>\r\n    \r\n    \r\n<\/div>\n<div id=\"frm_field_8_container\" class=\"frm_form_field form-field  frm_required_field frm_top_container frm_full\">\r\n    <label for=\"field_29yf4d2\" id=\"field_29yf4d2_label\" class=\"frm_primary_label\">E-mail\r\n        <span class=\"frm_required\" aria-hidden=\"true\">*<\/span>\r\n    <\/label>\r\n    <input type=\"email\" id=\"field_29yf4d2\" name=\"item_meta[8]\" value=\"\"  data-reqmsg=\"Este campo n\u00e3o pode estar vazio.\" aria-required=\"true\" data-invmsg=\"Por favor insira um endere\u00e7o de e-mail v\u00e1lido\" aria-invalid=\"false\"  \/>\r\n    \r\n    \r\n<\/div>\n<div id=\"frm_field_10_container\" class=\"frm_form_field form-field  frm_required_field frm_top_container\">\r\n    <label for=\"field_17k6e\" id=\"field_17k6e_label\" class=\"frm_primary_label\">Upload your CV\r\n        <span class=\"frm_required\" aria-hidden=\"true\">*<\/span>\r\n    <\/label>\r\n    <input type=\"hidden\"  data-reqmsg=\"Upload your CV cannot be blank.\" data-invmsg=\"File Upload is invalid\" aria-invalid=\"false\"   name=\"item_meta[10][]\"  data-reqmsg=\"Upload your CV cannot be blank.\"  value=\"\" data-frmfile=\"10\" \/>\n\n<div class=\"frm_dropzone frm_multi_upload frm_clearfix\" id=\"file10_dropzone\" role=\"group\" >\n\t<div class=\"fallback\">\n\t\t<input type=\"file\" name=\"file10[]\" id=\"field_17k6e\"\n\t\t\t data-frmfile=\"10\" multiple=\"multiple\"  data-reqmsg=\"Upload your CV cannot be blank.\" data-invmsg=\"File Upload is invalid\" aria-invalid=\"false\"  \t\t\t\/>\n\t\t\t\t<div class=\"frm_clearfix \"><\/div>\n\t<\/div>\n\t<div class=\"dz-message needsclick\">\n\t\t\t\t<svg  viewBox=\"0 0 18 18\" class=\"frmsvg frm-svg-icon\">\n\t<path viewBox=\"0 0 18 18\" fill-rule=\"evenodd\" clip-rule=\"evenodd\" d=\"M8.2 4v8a.8.8 0 001.5 0V4l2.1 2.2A.7.7 0 1013 5L9.5 1.7a.7.7 0 00-1.1 0L5.1 5.2a.8.8 0 001 1l2.1-2zm7.6 4.3c.4 0 .7.3.7.7v6.8c0 .4-.3.7-.8.7H2.3a.8.8 0 01-.8-.8V9A.8.8 0 013 9v6h12V9c0-.4.3-.8.8-.8z\"><\/path>\n<\/svg>\t\t<span class=\"frm_upload_text\"><button type=\"button\" aria-label=\"Upload your CV. Drop a file here or click to upload. Tamanho m\u00e1ximo do arquivo: 52.43MB\">Drop a file here or click to upload<\/button><\/span>\n\t\t<span class=\"frm_compact_text\"><button type=\"button\" aria-label=\"Upload your CV. Choose File. Tamanho m\u00e1ximo do arquivo: 52.43MB\">Choose File<\/button><\/span>\n\t\t<div class=\"frm_small_text\">\n\t\t\t<p>Tamanho m\u00e1ximo do arquivo: 52.43MB<\/p>\n\t\t<\/div>\n\t<\/div>\n<\/div>\n\t\r\n    \r\n    \r\n<\/div>\n<div id=\"frm_field_9_container\" class=\"frm_form_field form-field  frm_required_field frm_top_container frm_full\">\r\n    <label for=\"field_9jv0r12\" id=\"field_9jv0r12_label\" class=\"frm_primary_label\">Mensagem\r\n        <span class=\"frm_required\" aria-hidden=\"true\">*<\/span>\r\n    <\/label>\r\n    <textarea name=\"item_meta[9]\" id=\"field_9jv0r12\" rows=\"5\"  data-reqmsg=\"Este campo n\u00e3o pode estar vazio.\" aria-required=\"true\" data-invmsg=\"Message is invalid\" aria-invalid=\"false\"  ><\/textarea>\r\n    \r\n    \r\n<\/div>\n\t<input type=\"hidden\" name=\"item_key\" value=\"\" \/>\n\t\t\t<div id=\"frm_field_11_container\">\n\t\t\t<label for=\"field_vsn5k\" >\n\t\t\t\tSe voc\u00ea \u00e9 humano, deixe este campo em branco.\t\t\t<\/label>\n\t\t\t<input  id=\"field_vsn5k\" type=\"text\" class=\"frm_form_field form-field frm_verify\" name=\"item_meta[11]\" value=\"\"  \/>\n\t\t<\/div>\n\t\t<input name=\"frm_state\" type=\"hidden\" value=\"ukPsW2rTQCTi5OwrzMoVg0kCArwWvMbGQWSCwUl7fmDbEeRK1hXNxt92UhNYfA8F\" \/><div class=\"frm_submit\">\r\n\r\n<button class=\"frm_button_submit frm_final_submit\" type=\"submit\"   formnovalidate=\"formnovalidate\">ENVIAR<\/button>\r\n\r\n\r\n<\/div><\/div>\n<\/fieldset>\n<\/div>\n\n<\/form>\n<\/div>\n\t\t\t\t<\/div>\n\t\t\t\t<\/div>\n\t\t\t\t\t<\/div>\n\t\t<\/div>\n\t\t\t\t\t<\/div>\n\t\t<\/section>\n\t\t\t\t<\/div>\n\t\t","protected":false},"excerpt":{"rendered":"<p>CARREIRA Estamos sempre procurando pessoas que tenham paix\u00e3o por fazer justi\u00e7a e n\u00e3o tenham medo de desafios, independentemente de sua forma\u00e7\u00e3o. Use o formul\u00e1rio de contato nesta p\u00e1gina para se juntar ao nosso banco de talentos. Careers Enquiry First name * Last name * Email * Upload your CV * Drop a file here or&hellip;<\/p>\n","protected":false},"author":2,"featured_media":0,"parent":0,"menu_order":45,"comment_status":"closed","ping_status":"closed","template":"","meta":{"_acf_changed":false,"footnotes":""},"class_list":["post-13251","page","type-page","status-publish","hentry"],"acf":[],"yoast_head":"<!-- This site is optimized with the Yoast SEO Premium plugin v26.2 (Yoast SEO v27.3) - https:\/\/yoast.com\/product\/yoast-seo-premium-wordpress\/ -->\n<title>Carreiras - Hotta Advocacia<\/title>\n<meta name=\"robots\" content=\"index, follow, max-snippet:-1, max-image-preview:large, max-video-preview:-1\" \/>\n<link rel=\"canonical\" href=\"https:\/\/hottaadvocacia.com\/pt-br\/carreiras\/\" \/>\n<meta property=\"og:locale\" content=\"pt_BR\" \/>\n<meta property=\"og:type\" content=\"article\" \/>\n<meta property=\"og:title\" content=\"Carreiras\" \/>\n<meta property=\"og:description\" content=\"CARREIRA Estamos sempre procurando pessoas que tenham paix\u00e3o por fazer justi\u00e7a e n\u00e3o tenham medo de desafios, independentemente de sua forma\u00e7\u00e3o. Use o formul\u00e1rio de contato nesta p\u00e1gina para se juntar ao nosso banco de talentos. Careers Enquiry First name * Last name * Email * Upload your CV * Drop a file here or&hellip;\" \/>\n<meta property=\"og:url\" content=\"https:\/\/hottaadvocacia.com\/pt-br\/carreiras\/\" \/>\n<meta property=\"og:site_name\" content=\"Hotta Advocacia\" \/>\n<meta property=\"article:modified_time\" content=\"2024-01-16T15:01:50+00:00\" \/>\n<meta name=\"twitter:card\" content=\"summary_large_image\" \/>\n<script type=\"application\/ld+json\" class=\"yoast-schema-graph\">{\"@context\":\"https:\\\/\\\/schema.org\",\"@graph\":[{\"@type\":\"WebPage\",\"@id\":\"https:\\\/\\\/hottaadvocacia.com\\\/pt-br\\\/carreiras\\\/\",\"url\":\"https:\\\/\\\/hottaadvocacia.com\\\/pt-br\\\/carreiras\\\/\",\"name\":\"Carreiras - Hotta Advocacia\",\"isPartOf\":{\"@id\":\"https:\\\/\\\/hottaadvocacia.com\\\/pt-br\\\/#website\"},\"datePublished\":\"2024-01-16T14:16:21+00:00\",\"dateModified\":\"2024-01-16T15:01:50+00:00\",\"breadcrumb\":{\"@id\":\"https:\\\/\\\/hottaadvocacia.com\\\/pt-br\\\/carreiras\\\/#breadcrumb\"},\"inLanguage\":\"pt-BR\",\"potentialAction\":[{\"@type\":\"ReadAction\",\"target\":[\"https:\\\/\\\/hottaadvocacia.com\\\/pt-br\\\/carreiras\\\/\"]}]},{\"@type\":\"BreadcrumbList\",\"@id\":\"https:\\\/\\\/hottaadvocacia.com\\\/pt-br\\\/carreiras\\\/#breadcrumb\",\"itemListElement\":[{\"@type\":\"ListItem\",\"position\":1,\"name\":\"Home\",\"item\":\"https:\\\/\\\/hottaadvocacia.com\\\/pt-br\\\/\"},{\"@type\":\"ListItem\",\"position\":2,\"name\":\"Carreiras\"}]},{\"@type\":\"WebSite\",\"@id\":\"https:\\\/\\\/hottaadvocacia.com\\\/pt-br\\\/#website\",\"url\":\"https:\\\/\\\/hottaadvocacia.com\\\/pt-br\\\/\",\"name\":\"Hotta Advocacia\",\"description\":\"Justice First\",\"publisher\":{\"@id\":\"https:\\\/\\\/hottaadvocacia.com\\\/pt-br\\\/#organization\"},\"potentialAction\":[{\"@type\":\"SearchAction\",\"target\":{\"@type\":\"EntryPoint\",\"urlTemplate\":\"https:\\\/\\\/hottaadvocacia.com\\\/pt-br\\\/?s={search_term_string}\"},\"query-input\":{\"@type\":\"PropertyValueSpecification\",\"valueRequired\":true,\"valueName\":\"search_term_string\"}}],\"inLanguage\":\"pt-BR\"},{\"@type\":\"Organization\",\"@id\":\"https:\\\/\\\/hottaadvocacia.com\\\/pt-br\\\/#organization\",\"name\":\"Hotta Advocacia\",\"url\":\"https:\\\/\\\/hottaadvocacia.com\\\/pt-br\\\/\",\"logo\":{\"@type\":\"ImageObject\",\"inLanguage\":\"pt-BR\",\"@id\":\"https:\\\/\\\/hottaadvocacia.com\\\/pt-br\\\/#\\\/schema\\\/logo\\\/image\\\/\",\"url\":\"https:\\\/\\\/hottaadvocacia.com\\\/wp-content\\\/uploads\\\/2023\\\/03\\\/HA-logo-1.png\",\"contentUrl\":\"https:\\\/\\\/hottaadvocacia.com\\\/wp-content\\\/uploads\\\/2023\\\/03\\\/HA-logo-1.png\",\"width\":897,\"height\":350,\"caption\":\"Hotta Advocacia\"},\"image\":{\"@id\":\"https:\\\/\\\/hottaadvocacia.com\\\/pt-br\\\/#\\\/schema\\\/logo\\\/image\\\/\"}}]}<\/script>\n<!-- \/ Yoast SEO Premium plugin. -->","yoast_head_json":{"title":"Carreiras - Hotta Advocacia","robots":{"index":"index","follow":"follow","max-snippet":"max-snippet:-1","max-image-preview":"max-image-preview:large","max-video-preview":"max-video-preview:-1"},"canonical":"https:\/\/hottaadvocacia.com\/pt-br\/carreiras\/","og_locale":"pt_BR","og_type":"article","og_title":"Carreiras","og_description":"CARREIRA Estamos sempre procurando pessoas que tenham paix\u00e3o por fazer justi\u00e7a e n\u00e3o tenham medo de desafios, independentemente de sua forma\u00e7\u00e3o. Use o formul\u00e1rio de contato nesta p\u00e1gina para se juntar ao nosso banco de talentos. Careers Enquiry First name * Last name * Email * Upload your CV * Drop a file here or&hellip;","og_url":"https:\/\/hottaadvocacia.com\/pt-br\/carreiras\/","og_site_name":"Hotta Advocacia","article_modified_time":"2024-01-16T15:01:50+00:00","twitter_card":"summary_large_image","schema":{"@context":"https:\/\/schema.org","@graph":[{"@type":"WebPage","@id":"https:\/\/hottaadvocacia.com\/pt-br\/carreiras\/","url":"https:\/\/hottaadvocacia.com\/pt-br\/carreiras\/","name":"Carreiras - Hotta Advocacia","isPartOf":{"@id":"https:\/\/hottaadvocacia.com\/pt-br\/#website"},"datePublished":"2024-01-16T14:16:21+00:00","dateModified":"2024-01-16T15:01:50+00:00","breadcrumb":{"@id":"https:\/\/hottaadvocacia.com\/pt-br\/carreiras\/#breadcrumb"},"inLanguage":"pt-BR","potentialAction":[{"@type":"ReadAction","target":["https:\/\/hottaadvocacia.com\/pt-br\/carreiras\/"]}]},{"@type":"BreadcrumbList","@id":"https:\/\/hottaadvocacia.com\/pt-br\/carreiras\/#breadcrumb","itemListElement":[{"@type":"ListItem","position":1,"name":"Home","item":"https:\/\/hottaadvocacia.com\/pt-br\/"},{"@type":"ListItem","position":2,"name":"Carreiras"}]},{"@type":"WebSite","@id":"https:\/\/hottaadvocacia.com\/pt-br\/#website","url":"https:\/\/hottaadvocacia.com\/pt-br\/","name":"Hotta Advocacia","description":"Justice First","publisher":{"@id":"https:\/\/hottaadvocacia.com\/pt-br\/#organization"},"potentialAction":[{"@type":"SearchAction","target":{"@type":"EntryPoint","urlTemplate":"https:\/\/hottaadvocacia.com\/pt-br\/?s={search_term_string}"},"query-input":{"@type":"PropertyValueSpecification","valueRequired":true,"valueName":"search_term_string"}}],"inLanguage":"pt-BR"},{"@type":"Organization","@id":"https:\/\/hottaadvocacia.com\/pt-br\/#organization","name":"Hotta Advocacia","url":"https:\/\/hottaadvocacia.com\/pt-br\/","logo":{"@type":"ImageObject","inLanguage":"pt-BR","@id":"https:\/\/hottaadvocacia.com\/pt-br\/#\/schema\/logo\/image\/","url":"https:\/\/hottaadvocacia.com\/wp-content\/uploads\/2023\/03\/HA-logo-1.png","contentUrl":"https:\/\/hottaadvocacia.com\/wp-content\/uploads\/2023\/03\/HA-logo-1.png","width":897,"height":350,"caption":"Hotta Advocacia"},"image":{"@id":"https:\/\/hottaadvocacia.com\/pt-br\/#\/schema\/logo\/image\/"}}]}},"featured_image_src":null,"featured_image_src_square":null,"_links":{"self":[{"href":"https:\/\/hottaadvocacia.com\/pt-br\/wp-json\/wp\/v2\/pages\/13251","targetHints":{"allow":["GET"]}}],"collection":[{"href":"https:\/\/hottaadvocacia.com\/pt-br\/wp-json\/wp\/v2\/pages"}],"about":[{"href":"https:\/\/hottaadvocacia.com\/pt-br\/wp-json\/wp\/v2\/types\/page"}],"author":[{"embeddable":true,"href":"https:\/\/hottaadvocacia.com\/pt-br\/wp-json\/wp\/v2\/users\/2"}],"replies":[{"embeddable":true,"href":"https:\/\/hottaadvocacia.com\/pt-br\/wp-json\/wp\/v2\/comments?post=13251"}],"version-history":[{"count":0,"href":"https:\/\/hottaadvocacia.com\/pt-br\/wp-json\/wp\/v2\/pages\/13251\/revisions"}],"wp:attachment":[{"href":"https:\/\/hottaadvocacia.com\/pt-br\/wp-json\/wp\/v2\/media?parent=13251"}],"curies":[{"name":"wp","href":"https:\/\/api.w.org\/{rel}","templated":true}]}}